{"id":1657,"date":"2026-04-10T18:48:43","date_gmt":"2026-04-10T18:48:43","guid":{"rendered":"https:\/\/consflatbedstg.wpenginepowered.com\/equipement\/"},"modified":"2026-04-10T20:55:39","modified_gmt":"2026-04-10T20:55:39","slug":"equipement","status":"publish","type":"page","link":"https:\/\/contransflatbedgroup.com\/fr\/equipement\/","title":{"rendered":""},"content":{"rendered":"<div class=\"vce-row-container\" id=\"contact_banner\"><div class=\"vce-row vce-element--has-background vce-row--col-gap-0 vce-row-content--top\" data-vce-full-width=\"true\" id=\"el-0b83a717\" data-vce-do-apply=\"all el-0b83a717\"><div class=\"vce-content-background-container\"><div class=\"vce-asset-background-simple-container vce-visible-all-only vce-asset-background-simple--style-cover vce-asset-background-simple--position-center-center\"><div class=\"vce-asset-background-simple\"><div class=\"vce-asset-background-simple-item\" style=\"background-image: url('https:\/\/contransflatbedgroup.com\/wp-content\/uploads\/2022\/10\/IMG_1998.jpg');\"><\/div><\/div><\/div><\/div><div class=\"vce-row-content\" data-vce-element-content=\"true\"><div class=\"vce-col vce-col--xs-auto vce-col--all-last vce-col--all-first\" id=\"el-85bba85e\"><div class=\"vce-col-inner\" data-vce-do-apply=\"border margin background  el-85bba85e\"><div class=\"vce-content-background-container\"><\/div><div class=\"vce-col-content\" data-vce-element-content=\"true\" data-vce-do-apply=\"padding el-85bba85e\"><div class=\"vce-text-block\"><div class=\"vce-text-block-wrapper vce\" id=\"el-178072b9\" data-vce-do-apply=\"all el-178072b9\"><h1> <\/h1><h1 style=\"text-align: center;\">\u00c9QUIPEMENT<\/h1><\/div><\/div><\/div><\/div><\/div><\/div><\/div><\/div><div class=\"vce-row-container\"><div class=\"vce-row vce-element--has-background vce-row--col-gap-30 vce-row-content--top\" data-vce-full-width=\"true\" id=\"el-eac41b34\" data-vce-do-apply=\"all el-eac41b34\"><div class=\"vce-content-background-container\"><div class=\"vce-asset-background-simple-container vce-visible-all-only vce-asset-background-simple--style-cover vce-asset-background-simple--position-center-top\"><div class=\"vce-asset-background-simple\">\n              <div class=\"vce-asset-background-simple-item vcv-lozad\" data-background-image=\"https:\/\/contransflatbedgroup.com\/wp-content\/uploads\/2020\/05\/contact_us_form_bg.png\"><\/div>\n              <noscript>\n                <div class=\"vce-asset-background-simple-item\" style=\"background-image: url(https:\/\/contransflatbedgroup.com\/wp-content\/uploads\/2020\/05\/contact_us_form_bg.png)\"><\/div>\n              <\/noscript>\n            <\/div><\/div><\/div><div class=\"vce-row-content\" data-vce-element-content=\"true\"><div class=\"vce-col vce-col--md-auto vce-col--xs-1 vce-col--xs-last vce-col--xs-first vce-col--sm-last vce-col--sm-first vce-col--md-last vce-col--lg-last vce-col--xl-last vce-col--md-first vce-col--lg-first vce-col--xl-first\" id=\"el-55311e1e\"><div class=\"vce-col-inner\" data-vce-do-apply=\"border margin background  el-55311e1e\"><div class=\"vce-col-content\" data-vce-element-content=\"true\" data-vce-do-apply=\"padding el-55311e1e\"><div class=\"vce-text-block\"><div class=\"vce-text-block-wrapper vce\" id=\"el-37041b78\" data-vce-do-apply=\"all el-37041b78\"><h2 style=\"text-align: center;\"><span style=\"font-family: 'Titillium Web'; color: #ffffff;\">VOUS CHERCHEZ \u00c0 CHARGER VOTRE FRET ?<\/span><\/h2><p style=\"text-align: center;\"><span style=\"font-family: 'Titillium Web'; color: #ffffff;\">Ne cherchez pas plus loin, notre vaste gamme d'\u00e9quipements est \u00e0 votre disposition !  <\/span><\/p><\/div><\/div><div class=\"vce-row-container\" data-vce-boxed-width=\"true\"><div class=\"vce-row vce-row--col-gap-30 vce-row-content--top\" id=\"el-41e5636e\" data-vce-do-apply=\"all el-41e5636e\"><div class=\"vce-row-content\" data-vce-element-content=\"true\"><div class=\"vce-col vce-col--md-auto vce-col--xs-1 vce-col--xs-last vce-col--xs-first vce-col--sm-last vce-col--sm-first vce-col--md-last vce-col--lg-last vce-col--xl-last vce-col--md-first vce-col--lg-first vce-col--xl-first\" id=\"el-0e609970\"><div class=\"vce-col-inner\" data-vce-do-apply=\"border margin background  el-0e609970\"><div class=\"vce-col-content\" data-vce-element-content=\"true\" data-vce-do-apply=\"padding el-0e609970\"><div class=\"vce-text-block\"><div class=\"vce-text-block-wrapper vce\" id=\"el-a45d1991\" data-vce-do-apply=\"all el-a45d1991\"><p style=\"text-align: center;\"><span style=\"color: #ffffff; font-family: Titillium Web;\">Notre entreprise dispose d'une grande vari\u00e9t\u00e9 de remorques \u00e0 plateau conduites par une combinaison de propri\u00e9taires exploitants et de chauffeurs d'entreprise. Nous avons la r\u00e9putation d'exploiter certains des meilleurs \u00e9quipements de l'industrie, principalement des mod\u00e8les plus r\u00e9cents de Freightliners, Internationals et Peterbilts, qui combinent des cabines de jour et des camions routiers. Nous sommes fiers de notre \u00e9quipement et de notre service !    <\/span><\/p><\/div><\/div><\/div><\/div><\/div><\/div><\/div><\/div><\/div><\/div><\/div><\/div><\/div><\/div><div class=\"vce-row-container\"><div class=\"vce-row vce-row--col-gap-30 vce-row-content--top\" data-vce-full-width=\"true\" id=\"el-40687a23\" data-vce-do-apply=\"all el-40687a23\"><div class=\"vce-content-background-container\"><\/div><div class=\"vce-row-content\" data-vce-element-content=\"true\"><div class=\"vce-col vce-col--md-auto vce-col--xs-1 vce-col--xs-last vce-col--xs-first vce-col--sm-last vce-col--sm-first vce-col--md-first vce-col--lg-first vce-col--xl-first\" id=\"el-22d0ca44\"><div class=\"vce-col-inner\" data-vce-do-apply=\"border margin background  el-22d0ca44\"><div class=\"vce-col-content\" data-vce-element-content=\"true\" data-vce-do-apply=\"padding el-22d0ca44\"><div class=\"vce-single-image-container vce-single-image--align-left\"><div class=\"vce vce-single-image-wrapper\" id=\"el-f699058b\" data-vce-do-apply=\"all el-f699058b\"><figure><div class=\"vce-single-image-figure-inner\" style=\"width: 2560px;\"><div class=\"vce-single-image-inner vce-single-image--absolute vce-single-image--border-rounded\" style=\"width: 100%; padding-bottom: 75%;\"><img decoding=\"async\" class=\"vce-single-image\" src=\"https:\/\/contransflatbedgroup.com\/wp-content\/uploads\/2022\/10\/IMG_0674-scaled.jpg\" data-img-src=\"https:\/\/contransflatbedgroup.com\/wp-content\/uploads\/2022\/10\/IMG_0674-scaled.jpg\" data-attachment-id=\"1587\" alt=\"\" title=\"IMG_0674\"><\/div><\/div><figcaption hidden=\"\"><\/figcaption><\/figure><\/div><\/div><\/div><\/div><\/div><div class=\"vce-col vce-col--md-auto vce-col--xs-1 vce-col--xs-last vce-col--xs-first vce-col--sm-last vce-col--sm-first vce-col--md-last vce-col--lg-last vce-col--xl-last\" id=\"el-3bf52240\"><div class=\"vce-col-inner\" data-vce-do-apply=\"border margin background  el-3bf52240\"><div class=\"vce-col-content\" data-vce-element-content=\"true\" data-vce-do-apply=\"padding el-3bf52240\"><div class=\"vce-text-block\"><div class=\"vce-text-block-wrapper vce\" id=\"el-e8e1f021\" data-vce-do-apply=\"all el-e8e1f021\"><h2>\u00c9QUIPEMENT TANDEM  <\/h2><p><span style=\"font-family: 'Titillium Web';\">Notre \u00e9quipement comprend 60 tracteurs routiers et 95 remorques tandem, ainsi que des plateaux ouverts de 48 \u00e0 53 pieds et des syst\u00e8mes de b\u00e2chage. Notre \u00e9quipement tandem est \u00e9quip\u00e9 de satellites, d'un syst\u00e8me de communication enti\u00e8rement mobile, install\u00e9 et op\u00e9rationnel.   <\/span><\/p><\/div><\/div><\/div><\/div><\/div><\/div><\/div><\/div><div class=\"vce-row-container\"><div class=\"vce-row vce-row--col-gap-30 vce-row-content--top\" data-vce-full-width=\"true\" id=\"el-13203f63\" data-vce-do-apply=\"all el-13203f63\"><div class=\"vce-row-content\" data-vce-element-content=\"true\"><div class=\"vce-col vce-col--md-auto vce-col--xs-1 vce-col--xs-last vce-col--xs-first vce-col--sm-last vce-col--sm-first vce-col--md-first vce-col--lg-first vce-col--xl-first\" id=\"el-9c6aff7f\"><div class=\"vce-col-inner\" data-vce-do-apply=\"border margin background  el-9c6aff7f\"><div class=\"vce-col-content\" data-vce-element-content=\"true\" data-vce-do-apply=\"padding el-9c6aff7f\"><div class=\"vce-text-block\"><div class=\"vce-text-block-wrapper vce\" id=\"el-de475e39\" data-vce-do-apply=\"all el-de475e39\"><h2>\u00c9QUIPEMENT MULTI-ESSIEUX  <\/h2><p><span style=\"font-family: 'Titillium Web';\">Plus de 200+ camions dont :<\/span><\/p><ul><li><span style=\"font-family: 'Titillium Web';\">330 remorques, avec des remorques \u00e0 4, 5 ou 6 essieux et des trains B<\/span><\/li><li><span style=\"font-family: 'Titillium Web';\">50 % des remorques sont \u00e9quip\u00e9es d'un rideau roulant et les 50 % restants de syst\u00e8mes de b\u00e2che.  <\/span><\/li><\/ul><p><span style=\"font-family: 'Titillium Web';\">Un certain nombre de nos remorques sont \u00e9quip\u00e9es de pneus \u00e0 large base, ce qui augmente le poids total que ces remorques peuvent transporter.  <\/span><\/p><\/div><\/div><\/div><\/div><\/div><div class=\"vce-col vce-col--md-auto vce-col--xs-1 vce-col--xs-last vce-col--xs-first vce-col--sm-last vce-col--sm-first vce-col--md-last vce-col--lg-last vce-col--xl-last\" id=\"el-e0c0df27\"><div class=\"vce-col-inner\" data-vce-do-apply=\"border margin background  el-e0c0df27\"><div class=\"vce-col-content\" data-vce-element-content=\"true\" data-vce-do-apply=\"padding el-e0c0df27\"><div class=\"vce-single-image-container vce-single-image--align-left\"><div class=\"vce vce-single-image-wrapper\" id=\"el-c8bef3a4\" data-vce-do-apply=\"all el-c8bef3a4\"><figure><div class=\"vce-single-image-figure-inner\" style=\"width: 2016px;\"><div class=\"vce-single-image-inner vce-single-image--absolute vce-single-image--border-rounded\" style=\"width: 100%; padding-bottom: 75%;\"><img decoding=\"async\" class=\"vce-single-image\" src=\"https:\/\/contransflatbedgroup.com\/wp-content\/uploads\/2022\/10\/Ben-Hardie-April-2021.jpg\" data-img-src=\"https:\/\/contransflatbedgroup.com\/wp-content\/uploads\/2022\/10\/Ben-Hardie-April-2021.jpg\" data-attachment-id=\"1578\" alt=\"\" title=\"Ben Hardie Avril 2021\"><\/div><\/div><figcaption hidden=\"\"><\/figcaption><\/figure><\/div><\/div><\/div><\/div><\/div><\/div><\/div><\/div><div class=\"vce-row-container\"><div class=\"vce-row vce-row--col-gap-30 vce-row-content--top\" data-vce-full-width=\"true\" id=\"el-3ea27f54\" data-vce-do-apply=\"all el-3ea27f54\"><div class=\"vce-content-background-container\"><\/div><div class=\"vce-row-content\" data-vce-element-content=\"true\"><div class=\"vce-col vce-col--md-auto vce-col--xs-1 vce-col--xs-last vce-col--xs-first vce-col--sm-last vce-col--sm-first vce-col--md-first vce-col--lg-first vce-col--xl-first\" id=\"el-64c8e49e\"><div class=\"vce-col-inner\" data-vce-do-apply=\"border margin background  el-64c8e49e\"><div class=\"vce-col-content\" data-vce-element-content=\"true\" data-vce-do-apply=\"padding el-64c8e49e\"><div class=\"vce-single-image-container vce-single-image--align-left\"><div class=\"vce vce-single-image-wrapper\" id=\"el-0b1dc65b\" data-vce-do-apply=\"all el-0b1dc65b\"><figure><div class=\"vce-single-image-figure-inner\" style=\"width: 1080px;\"><div class=\"vce-single-image-inner vce-single-image--absolute vce-single-image--border-rounded\" style=\"width: 100%; padding-bottom: 91.1111%;\"><img decoding=\"async\" class=\"vce-single-image\" src=\"https:\/\/contransflatbedgroup.com\/wp-content\/uploads\/2022\/10\/Steve-Blakely-OD-to-PA-March-2021.jpeg\" data-img-src=\"https:\/\/contransflatbedgroup.com\/wp-content\/uploads\/2022\/10\/Steve-Blakely-OD-to-PA-March-2021.jpeg\" data-attachment-id=\"1608\" alt=\"\" title=\"Steve Blakely OD \u00e0 PA mars 2021\"><\/div><\/div><figcaption hidden=\"\"><\/figcaption><\/figure><\/div><\/div><\/div><\/div><\/div><div class=\"vce-col vce-col--md-auto vce-col--xs-1 vce-col--xs-last vce-col--xs-first vce-col--sm-last vce-col--sm-first vce-col--md-last vce-col--lg-last vce-col--xl-last\" id=\"el-7c5f7924\"><div class=\"vce-col-inner\" data-vce-do-apply=\"border margin background  el-7c5f7924\"><div class=\"vce-col-content\" data-vce-element-content=\"true\" data-vce-do-apply=\"padding el-7c5f7924\"><div class=\"vce-text-block\"><div class=\"vce-text-block-wrapper vce\" id=\"el-40b6f2b9\" data-vce-do-apply=\"all el-40b6f2b9\"><h2>\u00c9QUIPEMENTS SURDIMENSIONN\u00c9S  <\/h2><ul><li><span style=\"font-family: 'Titillium Web';\">Escabeaux<\/span><\/li><li>Remorques \u00e0 double plateau  <\/li><li>Double gouttes extensibles  <\/li><li>Mini-plateaux  <\/li><li>Queues de castor  <\/li><\/ul><\/div><\/div><\/div><\/div><\/div><\/div><\/div><\/div>\n","protected":false},"excerpt":{"rendered":"<p>\u00c9QUIPEMENT VOUS CHERCHEZ \u00c0 CHARGER VOTRE FRET ?Ne cherchez pas plus loin, notre vaste gamme d&rsquo;\u00e9quipements est \u00e0 votre disposition ! Notre entreprise dispose d&rsquo;une grande vari\u00e9t\u00e9 de remorques \u00e0 plateau conduites par une combinaison de propri\u00e9taires exploitants et de chauffeurs d&rsquo;entreprise. Nous avons la r\u00e9putation d&rsquo;exploiter certains des meilleurs \u00e9quipements de l&rsquo;industrie, principalement des [&hellip;]<\/p>\n","protected":false},"author":9,"featured_media":0,"parent":0,"menu_order":0,"comment_status":"closed","ping_status":"closed","template":"templates\/template-full-width.php","meta":{"_acf_changed":false,"footnotes":""},"class_list":["post-1657","page","type-page","status-publish","hentry"],"acf":[],"yoast_head":"<!-- This site is optimized with the Yoast SEO plugin v27.4 - https:\/\/yoast.com\/product\/yoast-seo-wordpress\/ -->\n<title>Equipement - Contrans Flatbed<\/title>\n<meta name=\"robots\" content=\"index, follow, max-snippet:-1, max-image-preview:large, max-video-preview:-1\" \/>\n<link rel=\"canonical\" href=\"https:\/\/contransflatbedgroup.com\/fr\/equipement\/\" \/>\n<meta property=\"og:locale\" content=\"fr_FR\" \/>\n<meta property=\"og:type\" content=\"article\" \/>\n<meta property=\"og:title\" content=\"Equipement - Contrans Flatbed\" \/>\n<meta property=\"og:description\" content=\"\u00c9QUIPEMENT VOUS CHERCHEZ \u00c0 CHARGER VOTRE FRET ?Ne cherchez pas plus loin, notre vaste gamme d&#039;\u00e9quipements est \u00e0 votre disposition ! Notre entreprise dispose d&#039;une grande vari\u00e9t\u00e9 de remorques \u00e0 plateau conduites par une combinaison de propri\u00e9taires exploitants et de chauffeurs d&#039;entreprise. Nous avons la r\u00e9putation d&#039;exploiter certains des meilleurs \u00e9quipements de l&#039;industrie, principalement des [&hellip;]\" \/>\n<meta property=\"og:url\" content=\"https:\/\/contransflatbedgroup.com\/fr\/equipement\/\" \/>\n<meta property=\"og:site_name\" content=\"Contrans Flatbed\" \/>\n<meta property=\"article:modified_time\" content=\"2026-04-10T20:55:39+00:00\" \/>\n<meta name=\"twitter:card\" content=\"summary_large_image\" \/>\n<meta name=\"twitter:label1\" content=\"Dur\u00e9e de lecture estim\u00e9e\" \/>\n\t<meta name=\"twitter:data1\" content=\"1 minute\" \/>\n<script type=\"application\/ld+json\" class=\"yoast-schema-graph\">{\"@context\":\"https:\\\/\\\/schema.org\",\"@graph\":[{\"@type\":\"WebPage\",\"@id\":\"https:\\\/\\\/contransflatbedgroup.com\\\/fr\\\/equipement\\\/\",\"url\":\"https:\\\/\\\/contransflatbedgroup.com\\\/fr\\\/equipement\\\/\",\"name\":\"Equipement - Contrans Flatbed\",\"isPartOf\":{\"@id\":\"https:\\\/\\\/contransflatbedgroup.com\\\/fr\\\/#website\"},\"datePublished\":\"2026-04-10T18:48:43+00:00\",\"dateModified\":\"2026-04-10T20:55:39+00:00\",\"breadcrumb\":{\"@id\":\"https:\\\/\\\/contransflatbedgroup.com\\\/fr\\\/equipement\\\/#breadcrumb\"},\"inLanguage\":\"fr-FR\",\"potentialAction\":[{\"@type\":\"ReadAction\",\"target\":[\"https:\\\/\\\/contransflatbedgroup.com\\\/fr\\\/equipement\\\/\"]}]},{\"@type\":\"BreadcrumbList\",\"@id\":\"https:\\\/\\\/contransflatbedgroup.com\\\/fr\\\/equipement\\\/#breadcrumb\",\"itemListElement\":[{\"@type\":\"ListItem\",\"position\":1,\"name\":\"Home\",\"item\":\"https:\\\/\\\/contransflatbedgroup.com\\\/fr\\\/\"},{\"@type\":\"ListItem\",\"position\":2,\"name\":\"Equipement\"}]},{\"@type\":\"WebSite\",\"@id\":\"https:\\\/\\\/contransflatbedgroup.com\\\/fr\\\/#website\",\"url\":\"https:\\\/\\\/contransflatbedgroup.com\\\/fr\\\/\",\"name\":\"Contrans Flatbed\",\"description\":\"\",\"publisher\":{\"@id\":\"https:\\\/\\\/contransflatbedgroup.com\\\/fr\\\/#organization\"},\"potentialAction\":[{\"@type\":\"SearchAction\",\"target\":{\"@type\":\"EntryPoint\",\"urlTemplate\":\"https:\\\/\\\/contransflatbedgroup.com\\\/fr\\\/?s={search_term_string}\"},\"query-input\":{\"@type\":\"PropertyValueSpecification\",\"valueRequired\":true,\"valueName\":\"search_term_string\"}}],\"inLanguage\":\"fr-FR\"},{\"@type\":\"Organization\",\"@id\":\"https:\\\/\\\/contransflatbedgroup.com\\\/fr\\\/#organization\",\"name\":\"Contrans Flatbed\",\"url\":\"https:\\\/\\\/contransflatbedgroup.com\\\/fr\\\/\",\"logo\":{\"@type\":\"ImageObject\",\"inLanguage\":\"fr-FR\",\"@id\":\"https:\\\/\\\/contransflatbedgroup.com\\\/fr\\\/#\\\/schema\\\/logo\\\/image\\\/\",\"url\":\"https:\\\/\\\/contransflatbedgroup.com\\\/wp-content\\\/uploads\\\/2022\\\/10\\\/cropped-contrans_logo.png\",\"contentUrl\":\"https:\\\/\\\/contransflatbedgroup.com\\\/wp-content\\\/uploads\\\/2022\\\/10\\\/cropped-contrans_logo.png\",\"width\":1000,\"height\":196,\"caption\":\"Contrans Flatbed\"},\"image\":{\"@id\":\"https:\\\/\\\/contransflatbedgroup.com\\\/fr\\\/#\\\/schema\\\/logo\\\/image\\\/\"}}]}<\/script>\n<!-- \/ Yoast SEO plugin. -->","yoast_head_json":{"title":"Equipement - Contrans Flatbed","robots":{"index":"index","follow":"follow","max-snippet":"max-snippet:-1","max-image-preview":"max-image-preview:large","max-video-preview":"max-video-preview:-1"},"canonical":"https:\/\/contransflatbedgroup.com\/fr\/equipement\/","og_locale":"fr_FR","og_type":"article","og_title":"Equipement - Contrans Flatbed","og_description":"\u00c9QUIPEMENT VOUS CHERCHEZ \u00c0 CHARGER VOTRE FRET ?Ne cherchez pas plus loin, notre vaste gamme d'\u00e9quipements est \u00e0 votre disposition ! Notre entreprise dispose d'une grande vari\u00e9t\u00e9 de remorques \u00e0 plateau conduites par une combinaison de propri\u00e9taires exploitants et de chauffeurs d'entreprise. Nous avons la r\u00e9putation d'exploiter certains des meilleurs \u00e9quipements de l'industrie, principalement des [&hellip;]","og_url":"https:\/\/contransflatbedgroup.com\/fr\/equipement\/","og_site_name":"Contrans Flatbed","article_modified_time":"2026-04-10T20:55:39+00:00","twitter_card":"summary_large_image","twitter_misc":{"Dur\u00e9e de lecture estim\u00e9e":"1 minute"},"schema":{"@context":"https:\/\/schema.org","@graph":[{"@type":"WebPage","@id":"https:\/\/contransflatbedgroup.com\/fr\/equipement\/","url":"https:\/\/contransflatbedgroup.com\/fr\/equipement\/","name":"Equipement - Contrans Flatbed","isPartOf":{"@id":"https:\/\/contransflatbedgroup.com\/fr\/#website"},"datePublished":"2026-04-10T18:48:43+00:00","dateModified":"2026-04-10T20:55:39+00:00","breadcrumb":{"@id":"https:\/\/contransflatbedgroup.com\/fr\/equipement\/#breadcrumb"},"inLanguage":"fr-FR","potentialAction":[{"@type":"ReadAction","target":["https:\/\/contransflatbedgroup.com\/fr\/equipement\/"]}]},{"@type":"BreadcrumbList","@id":"https:\/\/contransflatbedgroup.com\/fr\/equipement\/#breadcrumb","itemListElement":[{"@type":"ListItem","position":1,"name":"Home","item":"https:\/\/contransflatbedgroup.com\/fr\/"},{"@type":"ListItem","position":2,"name":"Equipement"}]},{"@type":"WebSite","@id":"https:\/\/contransflatbedgroup.com\/fr\/#website","url":"https:\/\/contransflatbedgroup.com\/fr\/","name":"Contrans Flatbed","description":"","publisher":{"@id":"https:\/\/contransflatbedgroup.com\/fr\/#organization"},"potentialAction":[{"@type":"SearchAction","target":{"@type":"EntryPoint","urlTemplate":"https:\/\/contransflatbedgroup.com\/fr\/?s={search_term_string}"},"query-input":{"@type":"PropertyValueSpecification","valueRequired":true,"valueName":"search_term_string"}}],"inLanguage":"fr-FR"},{"@type":"Organization","@id":"https:\/\/contransflatbedgroup.com\/fr\/#organization","name":"Contrans Flatbed","url":"https:\/\/contransflatbedgroup.com\/fr\/","logo":{"@type":"ImageObject","inLanguage":"fr-FR","@id":"https:\/\/contransflatbedgroup.com\/fr\/#\/schema\/logo\/image\/","url":"https:\/\/contransflatbedgroup.com\/wp-content\/uploads\/2022\/10\/cropped-contrans_logo.png","contentUrl":"https:\/\/contransflatbedgroup.com\/wp-content\/uploads\/2022\/10\/cropped-contrans_logo.png","width":1000,"height":196,"caption":"Contrans Flatbed"},"image":{"@id":"https:\/\/contransflatbedgroup.com\/fr\/#\/schema\/logo\/image\/"}}]}},"_links":{"self":[{"href":"https:\/\/contransflatbedgroup.com\/fr\/wp-json\/wp\/v2\/pages\/1657","targetHints":{"allow":["GET"]}}],"collection":[{"href":"https:\/\/contransflatbedgroup.com\/fr\/wp-json\/wp\/v2\/pages"}],"about":[{"href":"https:\/\/contransflatbedgroup.com\/fr\/wp-json\/wp\/v2\/types\/page"}],"author":[{"embeddable":true,"href":"https:\/\/contransflatbedgroup.com\/fr\/wp-json\/wp\/v2\/users\/9"}],"replies":[{"embeddable":true,"href":"https:\/\/contransflatbedgroup.com\/fr\/wp-json\/wp\/v2\/comments?post=1657"}],"version-history":[{"count":0,"href":"https:\/\/contransflatbedgroup.com\/fr\/wp-json\/wp\/v2\/pages\/1657\/revisions"}],"wp:attachment":[{"href":"https:\/\/contransflatbedgroup.com\/fr\/wp-json\/wp\/v2\/media?parent=1657"}],"curies":[{"name":"wp","href":"https:\/\/api.w.org\/{rel}","templated":true}]}}