{"id":1653,"date":"2026-04-07T21:58:38","date_gmt":"2026-04-07T21:58:38","guid":{"rendered":"https:\/\/consflatbedstg.wpenginepowered.com\/?page_id=1653"},"modified":"2026-04-10T20:55:34","modified_gmt":"2026-04-10T20:55:34","slug":"accueil","status":"publish","type":"page","link":"https:\/\/contransflatbedgroup.com\/fr\/","title":{"rendered":"Accueil"},"content":{"rendered":"<div class=\"vce-row-container\"><div class=\"vce-row vce-element--has-background vce-row--col-gap-0 mak_header vce-row-full-height vce-row-columns--middle vce-row-content--middle\" data-vce-full-width=\"true\" id=\"el-c5b77efe\" data-vce-do-apply=\"all el-c5b77efe\"><div class=\"vce-content-background-container\"><div class=\"vce-asset-background-simple-container vce-visible-all-only vce-asset-background-simple--style-cover vce-asset-background-simple--position-center-center\"><div class=\"vce-asset-background-simple\">\n              <div class=\"vce-asset-background-simple-item vcv-lozad\" data-background-image=\"https:\/\/contransflatbedgroup.com\/wp-content\/uploads\/2022\/10\/IMG_2015.jpg\"><\/div>\n              <noscript>\n                <div class=\"vce-asset-background-simple-item\" style=\"background-image: url(https:\/\/contransflatbedgroup.com\/wp-content\/uploads\/2022\/10\/IMG_2015.jpg)\"><\/div>\n              <\/noscript>\n            <\/div><\/div><div class=\"vce-asset-color-gradient-container vce-visible-all-only\" data-vce-do-apply=\"gradient el-c5b77efe\"><\/div><\/div><div class=\"vce-row-content\" data-vce-element-content=\"true\"><div class=\"vce-col vce-col--xs-100p vce-col--xs-visible vce-col--xs-last vce-col--xs-first vce-col--sm-100p vce-col--sm-visible vce-col--sm-last vce-col--sm-first vce-col--md-100p vce-col--md-visible vce-col--md-last vce-col--md-first vce-col--lg-100p vce-col--lg-visible vce-col--lg-last vce-col--lg-first vce-col--xl-50p vce-col--xl-visible vce-col--xl-last vce-col--xl-first\" id=\"el-c7456865\"><div class=\"vce-col-inner\" data-vce-do-apply=\"border margin background  el-c7456865\"><div class=\"vce-content-background-container\"><\/div><div class=\"vce-col-content\" data-vce-element-content=\"true\" data-vce-do-apply=\"padding el-c7456865\"><div class=\"vce-text-block mak_header_content\"><div class=\"vce-text-block-wrapper vce\" id=\"el-1310375b\" data-vce-do-apply=\"all el-1310375b\"><blockquote><h1>VOTRE FOURNISSEUR PRIVIL\u00c9GI\u00c9 DE SERVICES DE TRANSPORT \u00c0 PLAT<\/h1><\/blockquote><h5>La coh\u00e9rence et la fiabilit\u00e9 sur la route depuis plus de 30 ans.  <\/h5><\/div><\/div><div class=\"vce-button-group-container\" id=\"el-3d89f25f\" data-vce-do-apply=\"all el-3d89f25f\"><div class=\"vce-button-group vce-button-group--gap-20 vce-button-group-alignment--left vce-button-group-vertical-alignment--top\"><div class=\"vce-button--style-basic-container mak_content_btn vce-button--style-basic-container--align-left\"><span class=\"vce-button--style-basic-wrapper vce\" id=\"el-aee67909\" data-vce-do-apply=\"margin el-aee67909\"><a class=\"vce-button vce-button--style-basic vce-button--style-basic--border-square vce-button--style-basic--size-medium vce-button--style-basic--color-empty--fff\" href=\"https:\/\/tfi-contrans.truckright.com\/cf\" title=\"Carri\u00e8res\" data-vce-do-apply=\"padding border background  el-aee67909\">POSEZ VOTRE CANDIDATURE D\u00c8S MAINTENANT<\/a><\/span><\/div><\/div><\/div><\/div><\/div><\/div><\/div><\/div><\/div><div class=\"vce-row-container\" id=\"mak_section_1\"><div class=\"vce-row vce-element--xl--has-background vce-element--lg--has-background vce-element--md--has-background vce-element--sm--has-background vce-element--xs--has-background vce-row--col-gap-1 mak_background vce-row-content--top\" data-vce-full-width=\"true\" id=\"el-d0a842e4\" data-vce-do-apply=\"all el-d0a842e4\"><div class=\"vce-content-background-container\"><div class=\"vce-asset-background-simple-container vce-visible-lg-only vce-asset-background-simple--style-no-repeat vce-asset-background-simple--position-right-center\"><div class=\"vce-asset-background-simple\"><div class=\"vce-asset-background-simple-item\" style=\"background-image: url('https:\/\/contrans.wpengine.com\/wp-content\/uploads\/2020\/04\/white_background-3.png');\"><\/div><\/div><\/div><div class=\"vce-asset-background-simple-container vce-visible-md-only vce-asset-background-simple--style-no-repeat vce-asset-background-simple--position-right-center\"><div class=\"vce-asset-background-simple\"><div class=\"vce-asset-background-simple-item\" style=\"background-image: url('https:\/\/contrans.wpengine.com\/wp-content\/uploads\/2020\/04\/white_background-3.png');\"><\/div><\/div><\/div><div class=\"vce-asset-background-simple-container vce-visible-sm-only vce-asset-background-simple--style-no-repeat vce-asset-background-simple--position-right-center\"><div class=\"vce-asset-background-simple\"><div class=\"vce-asset-background-simple-item\" style=\"background-image: url('https:\/\/contrans.wpengine.com\/wp-content\/uploads\/2020\/04\/white_background-3.png');\"><\/div><\/div><\/div><div class=\"vce-asset-background-simple-container vce-visible-xs-only vce-asset-background-simple--style-no-repeat vce-asset-background-simple--position-right-center\"><div class=\"vce-asset-background-simple\"><div class=\"vce-asset-background-simple-item\" style=\"background-image: url('https:\/\/contrans.wpengine.com\/wp-content\/uploads\/2020\/04\/white_background-3.png');\"><\/div><\/div><\/div><\/div><div class=\"vce-row-content\" data-vce-element-content=\"true\"><div class=\"vce-col vce-col--md-auto vce-col--xs-1 vce-col--xs-last vce-col--xs-first vce-col--sm-last vce-col--sm-first vce-col--md-last vce-col--lg-last vce-col--xl-last vce-col--md-first vce-col--lg-first vce-col--xl-first\" id=\"el-081a7b06\"><div class=\"vce-col-inner\" data-vce-do-apply=\"border margin background  el-081a7b06\"><div class=\"vce-col-content\" data-vce-element-content=\"true\" data-vce-do-apply=\"padding el-081a7b06\"><div class=\"vce-text-block\"><div class=\"vce-text-block-wrapper vce\" id=\"el-921a35fd\" data-vce-do-apply=\"all el-921a35fd\"><p>Contrans Flatbed s'est forg\u00e9 une r\u00e9putation in\u00e9branlable dans l'industrie du camionnage gr\u00e2ce \u00e0 notre fa\u00e7on de faire - avec courage, int\u00e9grit\u00e9, fiabilit\u00e9 et des pratiques ax\u00e9es sur le client. En tant que premi\u00e8re entreprise nord-am\u00e9ricaine de transport \u00e0 plat dot\u00e9e d'une \u00e9quipe de professionnels tr\u00e8s exp\u00e9riment\u00e9s, nous nous engageons \u00e0 tenir nos promesses en vous fournissant le type de service honn\u00eate et ax\u00e9 sur la qualit\u00e9 que vous attendez et m\u00e9ritez. Nous sommes en mesure de transporter des poids l\u00e9gaux et des charges lourdes dans toute l'Am\u00e9rique du Nord. Avec des terminaux en Ontario et au Qu\u00e9bec, vous pouvez toujours compter sur nous pour vous offrir la tranquillit\u00e9 d'esprit en ce qui concerne le transport s\u00e9curitaire, efficace et rentable de votre cargaison.     <\/p>\n<p>En tant que membre du groupe d'entreprises TFI Flatbed, la plus grande entreprise de transport \u00e0 plat au Canada, nous travaillons en \u00e9troite collaboration avec les entreprises suivantes :  <\/p>\n<p>Transport de laser  <\/p>\n<p>Transport Gunter<\/p>\n<p>Fleetway Transportation  <\/p>\n<p>Tombro Trucking<\/p>\n<p>Brookville<\/p>\n<p>Kelsey Trail<\/p>\n<\/div><\/div><\/div><\/div><\/div><\/div><\/div><\/div><div class=\"vce-row-container\" data-vce-boxed-width=\"true\"><div class=\"vce-row vce-row--col-gap-30 vce-row-content--top\" id=\"el-78643be2\" data-vce-do-apply=\"all el-78643be2\"><div class=\"vce-row-content\" data-vce-element-content=\"true\"><div class=\"vce-col vce-col--md-auto vce-col--xs-1 vce-col--xs-last vce-col--xs-first vce-col--sm-last vce-col--sm-first vce-col--md-last vce-col--lg-last vce-col--xl-last vce-col--md-first vce-col--lg-first vce-col--xl-first\" id=\"el-55eb0f8a\"><div class=\"vce-col-inner\" data-vce-do-apply=\"border margin background  el-55eb0f8a\"><div class=\"vce-col-content\" data-vce-element-content=\"true\" data-vce-do-apply=\"padding el-55eb0f8a\"><div class=\"vcv-row-control-wrapper\"><\/div><\/div><\/div><\/div><\/div><\/div><\/div>","protected":false},"excerpt":{"rendered":"<p>VOTRE FOURNISSEUR PRIVIL\u00c9GI\u00c9 DE SERVICES DE TRANSPORT \u00c0 PLATLa coh\u00e9rence et la fiabilit\u00e9 sur la route depuis plus de 30 ans. POSEZ VOTRE CANDIDATURE D\u00c8S MAINTENANTContrans Flatbed s&rsquo;est forg\u00e9 une r\u00e9putation in\u00e9branlable dans l&rsquo;industrie du camionnage gr\u00e2ce \u00e0 notre fa\u00e7on de faire &#8211; avec courage, int\u00e9grit\u00e9, fiabilit\u00e9 et des pratiques ax\u00e9es sur le client. En [&hellip;]<\/p>\n","protected":false},"author":9,"featured_media":0,"parent":0,"menu_order":0,"comment_status":"closed","ping_status":"closed","template":"templates\/template-full-width.php","meta":{"_acf_changed":false,"footnotes":""},"class_list":["post-1653","page","type-page","status-publish","hentry"],"acf":[],"yoast_head":"<!-- This site is optimized with the Yoast SEO plugin v27.4 - https:\/\/yoast.com\/product\/yoast-seo-wordpress\/ -->\n<title>Accueil - Contrans Flatbed<\/title>\n<meta name=\"description\" content=\"Contrans Flatbed Home - Si vous \u00eates \u00e0 la recherche d&#039;une entreprise de transport fiable qui offre une grande vari\u00e9t\u00e9 de services, Contrans Flatbed est l\u00e0 pour vous aider !\" \/>\n<meta name=\"robots\" content=\"index, follow, max-snippet:-1, max-image-preview:large, max-video-preview:-1\" \/>\n<link rel=\"canonical\" href=\"https:\/\/contransflatbedgroup.com\/fr\/\" \/>\n<meta property=\"og:locale\" content=\"fr_FR\" \/>\n<meta property=\"og:type\" content=\"article\" \/>\n<meta property=\"og:title\" content=\"Accueil - Contrans Flatbed\" \/>\n<meta property=\"og:description\" content=\"Contrans Flatbed Home - Si vous \u00eates \u00e0 la recherche d&#039;une entreprise de transport fiable qui offre une grande vari\u00e9t\u00e9 de services, Contrans Flatbed est l\u00e0 pour vous aider !\" \/>\n<meta property=\"og:url\" content=\"https:\/\/contransflatbedgroup.com\/fr\/\" \/>\n<meta property=\"og:site_name\" content=\"Contrans Flatbed\" \/>\n<meta property=\"article:modified_time\" content=\"2026-04-10T20:55:34+00:00\" \/>\n<meta name=\"twitter:card\" content=\"summary_large_image\" \/>\n<script type=\"application\/ld+json\" class=\"yoast-schema-graph\">{\"@context\":\"https:\\\/\\\/schema.org\",\"@graph\":[{\"@type\":\"WebPage\",\"@id\":\"https:\\\/\\\/contransflatbedgroup.com\\\/fr\\\/\",\"url\":\"https:\\\/\\\/contransflatbedgroup.com\\\/fr\\\/\",\"name\":\"Accueil - Contrans Flatbed\",\"isPartOf\":{\"@id\":\"https:\\\/\\\/contransflatbedgroup.com\\\/fr\\\/#website\"},\"datePublished\":\"2026-04-07T21:58:38+00:00\",\"dateModified\":\"2026-04-10T20:55:34+00:00\",\"description\":\"Contrans Flatbed Home - Si vous \u00eates \u00e0 la recherche d'une entreprise de transport fiable qui offre une grande vari\u00e9t\u00e9 de services, Contrans Flatbed est l\u00e0 pour vous aider !\",\"breadcrumb\":{\"@id\":\"https:\\\/\\\/contransflatbedgroup.com\\\/fr\\\/#breadcrumb\"},\"inLanguage\":\"fr-FR\",\"potentialAction\":[{\"@type\":\"ReadAction\",\"target\":[\"https:\\\/\\\/contransflatbedgroup.com\\\/fr\\\/\"]}]},{\"@type\":\"BreadcrumbList\",\"@id\":\"https:\\\/\\\/contransflatbedgroup.com\\\/fr\\\/#breadcrumb\",\"itemListElement\":[{\"@type\":\"ListItem\",\"position\":1,\"name\":\"Home\",\"item\":\"https:\\\/\\\/contransflatbedgroup.com\\\/fr\\\/\"},{\"@type\":\"ListItem\",\"position\":2,\"name\":\"Accueil\"}]},{\"@type\":\"WebSite\",\"@id\":\"https:\\\/\\\/contransflatbedgroup.com\\\/fr\\\/#website\",\"url\":\"https:\\\/\\\/contransflatbedgroup.com\\\/fr\\\/\",\"name\":\"Contrans Flatbed\",\"description\":\"\",\"publisher\":{\"@id\":\"https:\\\/\\\/contransflatbedgroup.com\\\/fr\\\/#organization\"},\"potentialAction\":[{\"@type\":\"SearchAction\",\"target\":{\"@type\":\"EntryPoint\",\"urlTemplate\":\"https:\\\/\\\/contransflatbedgroup.com\\\/fr\\\/?s={search_term_string}\"},\"query-input\":{\"@type\":\"PropertyValueSpecification\",\"valueRequired\":true,\"valueName\":\"search_term_string\"}}],\"inLanguage\":\"fr-FR\"},{\"@type\":\"Organization\",\"@id\":\"https:\\\/\\\/contransflatbedgroup.com\\\/fr\\\/#organization\",\"name\":\"Contrans Flatbed\",\"url\":\"https:\\\/\\\/contransflatbedgroup.com\\\/fr\\\/\",\"logo\":{\"@type\":\"ImageObject\",\"inLanguage\":\"fr-FR\",\"@id\":\"https:\\\/\\\/contransflatbedgroup.com\\\/fr\\\/#\\\/schema\\\/logo\\\/image\\\/\",\"url\":\"https:\\\/\\\/contransflatbedgroup.com\\\/wp-content\\\/uploads\\\/2022\\\/10\\\/cropped-contrans_logo.png\",\"contentUrl\":\"https:\\\/\\\/contransflatbedgroup.com\\\/wp-content\\\/uploads\\\/2022\\\/10\\\/cropped-contrans_logo.png\",\"width\":1000,\"height\":196,\"caption\":\"Contrans Flatbed\"},\"image\":{\"@id\":\"https:\\\/\\\/contransflatbedgroup.com\\\/fr\\\/#\\\/schema\\\/logo\\\/image\\\/\"}}]}<\/script>\n<!-- \/ Yoast SEO plugin. -->","yoast_head_json":{"title":"Accueil - Contrans Flatbed","description":"Contrans Flatbed Home - Si vous \u00eates \u00e0 la recherche d'une entreprise de transport fiable qui offre une grande vari\u00e9t\u00e9 de services, Contrans Flatbed est l\u00e0 pour vous aider !","robots":{"index":"index","follow":"follow","max-snippet":"max-snippet:-1","max-image-preview":"max-image-preview:large","max-video-preview":"max-video-preview:-1"},"canonical":"https:\/\/contransflatbedgroup.com\/fr\/","og_locale":"fr_FR","og_type":"article","og_title":"Accueil - Contrans Flatbed","og_description":"Contrans Flatbed Home - Si vous \u00eates \u00e0 la recherche d'une entreprise de transport fiable qui offre une grande vari\u00e9t\u00e9 de services, Contrans Flatbed est l\u00e0 pour vous aider !","og_url":"https:\/\/contransflatbedgroup.com\/fr\/","og_site_name":"Contrans Flatbed","article_modified_time":"2026-04-10T20:55:34+00:00","twitter_card":"summary_large_image","schema":{"@context":"https:\/\/schema.org","@graph":[{"@type":"WebPage","@id":"https:\/\/contransflatbedgroup.com\/fr\/","url":"https:\/\/contransflatbedgroup.com\/fr\/","name":"Accueil - Contrans Flatbed","isPartOf":{"@id":"https:\/\/contransflatbedgroup.com\/fr\/#website"},"datePublished":"2026-04-07T21:58:38+00:00","dateModified":"2026-04-10T20:55:34+00:00","description":"Contrans Flatbed Home - Si vous \u00eates \u00e0 la recherche d'une entreprise de transport fiable qui offre une grande vari\u00e9t\u00e9 de services, Contrans Flatbed est l\u00e0 pour vous aider !","breadcrumb":{"@id":"https:\/\/contransflatbedgroup.com\/fr\/#breadcrumb"},"inLanguage":"fr-FR","potentialAction":[{"@type":"ReadAction","target":["https:\/\/contransflatbedgroup.com\/fr\/"]}]},{"@type":"BreadcrumbList","@id":"https:\/\/contransflatbedgroup.com\/fr\/#breadcrumb","itemListElement":[{"@type":"ListItem","position":1,"name":"Home","item":"https:\/\/contransflatbedgroup.com\/fr\/"},{"@type":"ListItem","position":2,"name":"Accueil"}]},{"@type":"WebSite","@id":"https:\/\/contransflatbedgroup.com\/fr\/#website","url":"https:\/\/contransflatbedgroup.com\/fr\/","name":"Contrans Flatbed","description":"","publisher":{"@id":"https:\/\/contransflatbedgroup.com\/fr\/#organization"},"potentialAction":[{"@type":"SearchAction","target":{"@type":"EntryPoint","urlTemplate":"https:\/\/contransflatbedgroup.com\/fr\/?s={search_term_string}"},"query-input":{"@type":"PropertyValueSpecification","valueRequired":true,"valueName":"search_term_string"}}],"inLanguage":"fr-FR"},{"@type":"Organization","@id":"https:\/\/contransflatbedgroup.com\/fr\/#organization","name":"Contrans Flatbed","url":"https:\/\/contransflatbedgroup.com\/fr\/","logo":{"@type":"ImageObject","inLanguage":"fr-FR","@id":"https:\/\/contransflatbedgroup.com\/fr\/#\/schema\/logo\/image\/","url":"https:\/\/contransflatbedgroup.com\/wp-content\/uploads\/2022\/10\/cropped-contrans_logo.png","contentUrl":"https:\/\/contransflatbedgroup.com\/wp-content\/uploads\/2022\/10\/cropped-contrans_logo.png","width":1000,"height":196,"caption":"Contrans Flatbed"},"image":{"@id":"https:\/\/contransflatbedgroup.com\/fr\/#\/schema\/logo\/image\/"}}]}},"_links":{"self":[{"href":"https:\/\/contransflatbedgroup.com\/fr\/wp-json\/wp\/v2\/pages\/1653","targetHints":{"allow":["GET"]}}],"collection":[{"href":"https:\/\/contransflatbedgroup.com\/fr\/wp-json\/wp\/v2\/pages"}],"about":[{"href":"https:\/\/contransflatbedgroup.com\/fr\/wp-json\/wp\/v2\/types\/page"}],"author":[{"embeddable":true,"href":"https:\/\/contransflatbedgroup.com\/fr\/wp-json\/wp\/v2\/users\/9"}],"replies":[{"embeddable":true,"href":"https:\/\/contransflatbedgroup.com\/fr\/wp-json\/wp\/v2\/comments?post=1653"}],"version-history":[{"count":0,"href":"https:\/\/contransflatbedgroup.com\/fr\/wp-json\/wp\/v2\/pages\/1653\/revisions"}],"wp:attachment":[{"href":"https:\/\/contransflatbedgroup.com\/fr\/wp-json\/wp\/v2\/media?parent=1653"}],"curies":[{"name":"wp","href":"https:\/\/api.w.org\/{rel}","templated":true}]}}