{"id":1651,"date":"2026-04-07T21:49:35","date_gmt":"2026-04-07T21:49:35","guid":{"rendered":"https:\/\/consflatbedstg.wpenginepowered.com\/transportez-avec-nous\/"},"modified":"2026-04-10T20:55:44","modified_gmt":"2026-04-10T20:55:44","slug":"transportez-avec-nous","status":"publish","type":"page","link":"https:\/\/contransflatbedgroup.com\/fr\/transportez-avec-nous\/","title":{"rendered":""},"content":{"rendered":"<div class=\"vce-row-container\"><div class=\"vce-row vce-element--has-background vce-row--col-gap-0 vce-row-content--top\" data-vce-full-width=\"true\" id=\"el-0b83a717\" data-vce-do-apply=\"all el-0b83a717\"><div class=\"vce-content-background-container\"><div class=\"vce-asset-background-simple-container vce-visible-all-only vce-asset-background-simple--style-cover vce-asset-background-simple--position-center-center\"><div class=\"vce-asset-background-simple\"><div class=\"vce-asset-background-simple-item\" style=\"background-image: url('https:\/\/contransflatbedgroup.com\/wp-content\/uploads\/2022\/10\/IMG_2012.jpg');\"><\/div><\/div><\/div><\/div><div class=\"vce-row-content\" data-vce-element-content=\"true\"><div class=\"vce-col vce-col--xs-hide vce-col--xs-first vce-col--sm-100p vce-col--sm-visible vce-col--sm-last vce-col--sm-first vce-col--md-20p vce-col--md-visible vce-col--md-first vce-col--lg-20p vce-col--lg-visible vce-col--lg-first vce-col--xl-20p vce-col--xl-visible vce-col--xl-first\" id=\"el-85bba85e\"><div class=\"vce-col-inner\" data-vce-do-apply=\"border margin background  el-85bba85e\"><div class=\"vce-content-background-container\"><\/div><div class=\"vce-col-content\" data-vce-element-content=\"true\" data-vce-do-apply=\"padding el-85bba85e\"><div class=\"vcv-row-control-wrapper\"><\/div><\/div><\/div><\/div><div class=\"vce-col vce-col--xs-100p vce-col--xs-visible vce-col--xs-last vce-col--sm-100p vce-col--sm-visible vce-col--sm-last vce-col--sm-first vce-col--md-60p vce-col--md-visible vce-col--lg-60p vce-col--lg-visible vce-col--xl-60p vce-col--xl-visible\" id=\"el-87039fab\"><div class=\"vce-col-inner\" data-vce-do-apply=\"border margin background  el-87039fab\"><div class=\"vce-content-background-container\"><\/div><div class=\"vce-col-content\" data-vce-element-content=\"true\" data-vce-do-apply=\"padding el-87039fab\"><div class=\"vce-text-block\"><div class=\"vce-text-block-wrapper vce\" id=\"el-178072b9\" data-vce-do-apply=\"all el-178072b9\"><h1 style=\"text-align: center;\"><span style=\"font-weight: bold; font-style: normal; color: white;\">FOURNIR UN SERVICE COH\u00c9RENT ET DE QUALIT\u00c9 SUR LEQUEL VOUS POUVEZ COMPTER<\/span><\/h1><\/div><\/div><\/div><\/div><\/div><div class=\"vce-col vce-col--xs-hide vce-col--xs-first vce-col--sm-100p vce-col--sm-visible vce-col--sm-last vce-col--sm-first vce-col--md-20p vce-col--md-visible vce-col--md-last vce-col--lg-20p vce-col--lg-visible vce-col--lg-last vce-col--xl-20p vce-col--xl-visible vce-col--xl-last\" id=\"el-6c38c48e\"><div class=\"vce-col-inner\" data-vce-do-apply=\"border margin background  el-6c38c48e\"><div class=\"vce-col-content\" data-vce-element-content=\"true\" data-vce-do-apply=\"padding el-6c38c48e\"><div class=\"vcv-row-control-wrapper\"><\/div><\/div><\/div><\/div><\/div><\/div><\/div><div class=\"vce-row-container\"><div class=\"vce-row vce-element--has-background vce-row--col-gap-30 vce-row-content--top\" data-vce-full-width=\"true\" id=\"el-333072a9\" data-vce-do-apply=\"all el-333072a9\"><div class=\"vce-content-background-container\"><div class=\"vce-asset-background-simple-container vce-visible-all-only vce-asset-background-simple--style-cover vce-asset-background-simple--position-center-top\"><div class=\"vce-asset-background-simple\"><div class=\"vce-asset-background-simple-item\" style=\"background-image: url('https:\/\/contransflatbedgroup.com\/wp-content\/uploads\/2020\/04\/about_white_background.png');\"><\/div><\/div><\/div><\/div><div class=\"vce-row-content\" data-vce-element-content=\"true\"><div class=\"vce-col vce-col--md-auto vce-col--xs-1 vce-col--xs-last vce-col--xs-first vce-col--sm-last vce-col--sm-first vce-col--md-last vce-col--lg-last vce-col--xl-last vce-col--md-first vce-col--lg-first vce-col--xl-first\" id=\"el-ed26894a\"><div class=\"vce-col-inner\" data-vce-do-apply=\"border margin background  el-ed26894a\"><div class=\"vce-col-content\" data-vce-element-content=\"true\" data-vce-do-apply=\"padding el-ed26894a\"><div class=\"vce-text-block\"><div class=\"vce-text-block-wrapper vce\" id=\"el-abc6d7ec\" data-vce-do-apply=\"all el-abc6d7ec\"><h2 style=\"text-align: center;\">TRANSPORTEURS PARTENAIRES  <\/h2><p style=\"text-align: center;\"><span style=\"font-family: 'Titillium Web';\">Venez travailler avec l'\u00e9quipe Contrans Flatbed. Opportunit\u00e9s avec votre remorque ou en utilisant une unit\u00e9 Contrans.  <\/span><\/p><\/div><\/div><div class=\"vce-button--style-basic-container mak_content_btn vce-button--style-basic-container--align-center\"><span class=\"vce-button--style-basic-wrapper vce\" id=\"el-272500a9\" data-vce-do-apply=\"margin el-272500a9\"><a class=\"vce-button vce-button--style-basic vce-button--style-basic--border-square vce-button--style-basic--size-medium vce-button--style-basic--color-empty--b-33-33-33\" href=\"https:\/\/contransflatbedgroup.com\/fr\/trouvez-nous\/\" title=\"\" data-vce-do-apply=\"padding border background  el-272500a9\">Contactez nous<\/a><\/span><\/div><\/div><\/div><\/div><\/div><\/div><\/div><div class=\"vce-row-container\"><div class=\"vce-row vce-element--has-background vce-row--col-gap-30 vce-row-content--top\" data-vce-full-width=\"true\" id=\"el-4c7c5501\" data-vce-do-apply=\"all el-4c7c5501\"><div class=\"vce-content-background-container\"><\/div><div class=\"vce-row-content\" data-vce-element-content=\"true\"><div class=\"vce-col vce-col--md-auto vce-col--xs-1 vce-col--xs-last vce-col--xs-first vce-col--sm-last vce-col--sm-first vce-col--md-last vce-col--lg-last vce-col--xl-last vce-col--md-first vce-col--lg-first vce-col--xl-first\" id=\"el-11694fe3\"><div class=\"vce-col-inner\" data-vce-do-apply=\"border margin background  el-11694fe3\"><div class=\"vce-col-content\" data-vce-element-content=\"true\" data-vce-do-apply=\"padding el-11694fe3\"><div class=\"vce-row-container\"><div class=\"vce-row vce-row--col-gap-30 vce-row-content--top\" data-vce-full-width=\"true\" id=\"el-07dd7125\" data-vce-do-apply=\"all el-07dd7125\"><div class=\"vce-row-content\" data-vce-element-content=\"true\"><div class=\"vce-col vce-col--md-auto vce-col--xs-1 vce-col--xs-last vce-col--xs-first vce-col--sm-last vce-col--sm-first vce-col--md-last vce-col--lg-last vce-col--xl-last vce-col--md-first vce-col--lg-first vce-col--xl-first\" id=\"el-fbb42a31\"><div class=\"vce-col-inner\" data-vce-do-apply=\"border margin background  el-fbb42a31\"><div class=\"vce-col-content\" data-vce-element-content=\"true\" data-vce-do-apply=\"padding el-fbb42a31\"><div class=\"vce-row-container\"><div class=\"vce-row vce-row--col-gap-30 vce-row-content--top\" data-vce-full-width=\"true\" id=\"el-d5c10045\" data-vce-do-apply=\"all el-d5c10045\"><div class=\"vce-row-content\" data-vce-element-content=\"true\"><div class=\"vce-col vce-col--md-auto vce-col--xs-1 vce-col--xs-last vce-col--xs-first vce-col--sm-last vce-col--sm-first vce-col--md-last vce-col--lg-last vce-col--xl-last vce-col--md-first vce-col--lg-first vce-col--xl-first\" id=\"el-54f9c24f\"><div class=\"vce-col-inner\" data-vce-do-apply=\"border margin background  el-54f9c24f\"><div class=\"vce-col-content\" data-vce-element-content=\"true\" data-vce-do-apply=\"padding el-54f9c24f\"><div class=\"vce-text-block\"><div class=\"vce-text-block-wrapper vce\" id=\"el-dea98568\" data-vce-do-apply=\"all el-dea98568\"><h2 style=\"text-align: center;\"><span style=\"color: #ffffff; font-family: 'Titillium Web';\">TRANSPORTEZ AVEC NOUS  <\/span><\/h2><p style=\"text-align: center;\"><span style=\"color: #ffffff; font-family: 'Titillium Web';\">Veuillez remplir le formulaire ci-dessous.  <\/span><\/p><\/div><\/div><div class=\"vce-row-container\" data-vce-boxed-width=\"true\"><div class=\"vce-row vce-row--col-gap-30 vce-row-content--top\" id=\"el-af6a2f7b\" data-vce-do-apply=\"all el-af6a2f7b\"><div class=\"vce-row-content\" data-vce-element-content=\"true\"><div class=\"vce-col vce-col--md-auto vce-col--xs-1 vce-col--xs-last vce-col--xs-first vce-col--sm-last vce-col--sm-first vce-col--md-last vce-col--lg-last vce-col--xl-last vce-col--md-first vce-col--lg-first vce-col--xl-first\" id=\"el-c6c2e353\"><div class=\"vce-col-inner\" data-vce-do-apply=\"border margin background  el-c6c2e353\"><div class=\"vce-col-content\" data-vce-element-content=\"true\" data-vce-do-apply=\"padding el-c6c2e353\"><div class=\"vce-shortcode\"><div class=\"vce-shortcode-wrapper vce\" id=\"el-8e0ea05e\" data-vce-do-apply=\"all el-8e0ea05e\"><div class=\"forminator-ui forminator-custom-form forminator-custom-form-1566 forminator-design--flat  forminator_ajax\" data-forminator-render=\"0\" data-form=\"forminator-module-1566\" data-uid=\"69de50bb3fa24\"><br\/><\/div><form\n\t\t\t\tid=\"forminator-module-1566\"\n\t\t\t\tclass=\"forminator-ui forminator-custom-form forminator-custom-form-1566 forminator-design--flat  forminator_ajax\"\n\t\t\t\tmethod=\"post\"\n\t\t\t\tdata-forminator-render=\"0\"\n\t\t\t\tdata-form-id=\"1566\"\n\t\t\t\tenctype=\"multipart\/form-data\" data-color-option=\"default\" data-design=\"flat\" data-grid=\"open\" style=\"display: none;\"\n\t\t\t\tdata-uid=\"69de50bb3fa24\"\n\t\t\t><div role=\"alert\" aria-live=\"polite\" class=\"forminator-response-message forminator-error\" aria-hidden=\"true\"><\/div><div class=\"forminator-row\"><div id=\"name-1\" class=\"forminator-field-name forminator-col forminator-col-12 \"><div class=\"forminator-field\"><label for=\"forminator-field-name-1_69de50bb3fa24\" id=\"forminator-field-name-1_69de50bb3fa24-label\" class=\"forminator-label\">First Name <span class=\"forminator-required\">*<\/span><\/label><input type=\"text\" name=\"name-1\" value=\"\" placeholder=\"E.g. John\" id=\"forminator-field-name-1_69de50bb3fa24\" class=\"forminator-input forminator-name--field\" aria-required=\"true\" autocomplete=\"name\" \/><\/div><\/div><\/div><div class=\"forminator-row\"><div id=\"email-1\" class=\"forminator-field-email forminator-col forminator-col-12 \"><div class=\"forminator-field\"><label for=\"forminator-field-email-1_69de50bb3fa24\" id=\"forminator-field-email-1_69de50bb3fa24-label\" class=\"forminator-label\">Email Address <span class=\"forminator-required\">*<\/span><\/label><input type=\"email\" name=\"email-1\" value=\"\" placeholder=\"E.g. john@doe.com\" id=\"forminator-field-email-1_69de50bb3fa24\" class=\"forminator-input forminator-email--field\" data-required=\"true\" aria-required=\"true\" autocomplete=\"email\" \/><\/div><\/div><\/div><div class=\"forminator-row\"><div id=\"phone-1\" class=\"forminator-field-phone forminator-col forminator-col-12 \"><div class=\"forminator-field\"><label for=\"forminator-field-phone-1_69de50bb3fa24\" id=\"forminator-field-phone-1_69de50bb3fa24-label\" class=\"forminator-label\">Phone Number<\/label><input type=\"text\" name=\"phone-1\" value=\"\" placeholder=\"E.g. +1 3004005000\" id=\"forminator-field-phone-1_69de50bb3fa24\" class=\"forminator-input forminator-field--phone\" data-required=\"\" aria-required=\"false\" autocomplete=\"off\" \/><\/div><\/div><\/div><div class=\"forminator-row\"><div id=\"textarea-1\" class=\"forminator-field-textarea forminator-col forminator-col-12 \"><div class=\"forminator-field\"><label for=\"forminator-field-textarea-1_69de50bb3fa24\" id=\"forminator-field-textarea-1_69de50bb3fa24-label\" class=\"forminator-label\">Message<\/label><textarea name=\"textarea-1\" placeholder=\"Enter your message...\" id=\"forminator-field-textarea-1_69de50bb3fa24\" class=\"forminator-textarea\" rows=\"6\" style=\"min-height:140px;\" maxlength=\"180\" ><\/textarea><span id=\"forminator-field-textarea-1_69de50bb3fa24-description\" class=\"forminator-description\"><span data-limit=\"180\" data-type=\"characters\" data-editor=\"\">0 \/ 180<\/span><\/span><\/div><\/div><\/div><div class=\"forminator-row\"><div id=\"upload-1\" class=\"forminator-field-upload forminator-col forminator-col-12 \"><div class=\"forminator-field\"><label for=\"forminator-field-upload-1_69de50bb3fa24\" id=\"forminator-field-upload-1_69de50bb3fa24-label\" class=\"forminator-label\">Upload file<\/label><div class=\"forminator-multi-upload \" data-element=\"upload-1_69de50bb3fa24\"><input type=\"file\" name=\"upload-1[]\" id=\"forminator-field-upload-1_69de50bb3fa24\" class=\"forminator-input-file forminator-field-upload-1_69de50bb3fa24-1566\" multiple=\"multiple\" data-method=\"ajax\" data-size=\"8000000\" data-size-message=\"Maximum file size allowed is 8 MB. \"><div class=\"forminator-multi-upload-message\" aria-hidden=\"true\"><span class=\"forminator-icon-upload\" aria-hidden=\"true\"><\/span><p>Glissez et d\u00e9posez (ou) <a class=\"forminator-upload-file--forminator-field-upload-1_69de50bb3fa24\" href=\"#\" onclick=\"return false;\">Choisissez des fichiers<\/a><\/p><\/div><\/div><ul class=\"forminator-uploaded-files upload-container-upload-1_69de50bb3fa24\"><\/ul><\/div><\/div><\/div><input type=\"hidden\" name=\"referer_url\" value=\"\" \/><div class=\"forminator-row forminator-row-last\"><div class=\"forminator-col\"><div class=\"forminator-field\"><button class=\"forminator-button forminator-button-submit\">Send Message<\/button><\/div><\/div><\/div><input type=\"hidden\" id=\"forminator_nonce\" name=\"forminator_nonce\" value=\"9ca281f6f1\" \/><input type=\"hidden\" name=\"_wp_http_referer\" value=\"\/fr\/wp-json\/wp\/v2\/pages\/1651\" \/><input type=\"hidden\" name=\"form_id\" value=\"1566\"><input type=\"hidden\" name=\"page_id\" value=\"1651\"><input type=\"hidden\" name=\"form_type\" value=\"default\"><input type=\"hidden\" name=\"current_url\" value=\"https:\/\/contransflatbedgroup.com\/fr\/transportez-avec-nous\/\"><input type=\"hidden\" name=\"render_id\" value=\"0\"><input type=\"hidden\" name=\"forminator-multifile-hidden\" class=\"forminator-multifile-hidden\"><input type=\"hidden\" name=\"action\" value=\"forminator_submit_form_custom-forms\"><\/form><\/div><\/div><\/div><\/div><\/div><\/div><\/div><\/div><\/div><\/div><\/div><\/div><\/div><\/div><\/div><\/div><\/div><\/div><\/div><\/div><\/div><\/div><\/div><\/div><\/div><\/div>","protected":false},"excerpt":{"rendered":"<p>FOURNIR UN SERVICE COH\u00c9RENT ET DE QUALIT\u00c9 SUR LEQUEL VOUS POUVEZ COMPTERTRANSPORTEURS PARTENAIRES Venez travailler avec l&rsquo;\u00e9quipe Contrans Flatbed. Opportunit\u00e9s avec votre remorque ou en utilisant une unit\u00e9 Contrans. Contactez nousTRANSPORTEZ AVEC NOUS Veuillez remplir le formulaire ci-dessous.<\/p>\n","protected":false},"author":9,"featured_media":0,"parent":0,"menu_order":0,"comment_status":"closed","ping_status":"closed","template":"templates\/template-full-width.php","meta":{"_acf_changed":false,"footnotes":""},"class_list":["post-1651","page","type-page","status-publish","hentry"],"acf":[],"yoast_head":"<!-- This site is optimized with the Yoast SEO plugin v27.4 - https:\/\/yoast.com\/product\/yoast-seo-wordpress\/ -->\n<title>Transportez avec nous - Contrans Flatbed<\/title>\n<meta name=\"robots\" content=\"index, follow, max-snippet:-1, max-image-preview:large, max-video-preview:-1\" \/>\n<link rel=\"canonical\" href=\"https:\/\/contransflatbedgroup.com\/fr\/transportez-avec-nous\/\" \/>\n<meta property=\"og:locale\" content=\"fr_FR\" \/>\n<meta property=\"og:type\" content=\"article\" \/>\n<meta property=\"og:title\" content=\"Transportez avec nous - Contrans Flatbed\" \/>\n<meta property=\"og:description\" content=\"FOURNIR UN SERVICE COH\u00c9RENT ET DE QUALIT\u00c9 SUR LEQUEL VOUS POUVEZ COMPTERTRANSPORTEURS PARTENAIRES Venez travailler avec l&#039;\u00e9quipe Contrans Flatbed. Opportunit\u00e9s avec votre remorque ou en utilisant une unit\u00e9 Contrans. Contactez nousTRANSPORTEZ AVEC NOUS Veuillez remplir le formulaire ci-dessous.\" \/>\n<meta property=\"og:url\" content=\"https:\/\/contransflatbedgroup.com\/fr\/transportez-avec-nous\/\" \/>\n<meta property=\"og:site_name\" content=\"Contrans Flatbed\" \/>\n<meta property=\"article:modified_time\" content=\"2026-04-10T20:55:44+00:00\" \/>\n<meta name=\"twitter:card\" content=\"summary_large_image\" \/>\n<script type=\"application\/ld+json\" class=\"yoast-schema-graph\">{\"@context\":\"https:\\\/\\\/schema.org\",\"@graph\":[{\"@type\":\"WebPage\",\"@id\":\"https:\\\/\\\/contransflatbedgroup.com\\\/fr\\\/transportez-avec-nous\\\/\",\"url\":\"https:\\\/\\\/contransflatbedgroup.com\\\/fr\\\/transportez-avec-nous\\\/\",\"name\":\"Transportez avec nous - Contrans Flatbed\",\"isPartOf\":{\"@id\":\"https:\\\/\\\/contransflatbedgroup.com\\\/fr\\\/#website\"},\"datePublished\":\"2026-04-07T21:49:35+00:00\",\"dateModified\":\"2026-04-10T20:55:44+00:00\",\"breadcrumb\":{\"@id\":\"https:\\\/\\\/contransflatbedgroup.com\\\/fr\\\/transportez-avec-nous\\\/#breadcrumb\"},\"inLanguage\":\"fr-FR\",\"potentialAction\":[{\"@type\":\"ReadAction\",\"target\":[\"https:\\\/\\\/contransflatbedgroup.com\\\/fr\\\/transportez-avec-nous\\\/\"]}]},{\"@type\":\"BreadcrumbList\",\"@id\":\"https:\\\/\\\/contransflatbedgroup.com\\\/fr\\\/transportez-avec-nous\\\/#breadcrumb\",\"itemListElement\":[{\"@type\":\"ListItem\",\"position\":1,\"name\":\"Home\",\"item\":\"https:\\\/\\\/contransflatbedgroup.com\\\/fr\\\/\"},{\"@type\":\"ListItem\",\"position\":2,\"name\":\"Transportez avec nous\"}]},{\"@type\":\"WebSite\",\"@id\":\"https:\\\/\\\/contransflatbedgroup.com\\\/fr\\\/#website\",\"url\":\"https:\\\/\\\/contransflatbedgroup.com\\\/fr\\\/\",\"name\":\"Contrans Flatbed\",\"description\":\"\",\"publisher\":{\"@id\":\"https:\\\/\\\/contransflatbedgroup.com\\\/fr\\\/#organization\"},\"potentialAction\":[{\"@type\":\"SearchAction\",\"target\":{\"@type\":\"EntryPoint\",\"urlTemplate\":\"https:\\\/\\\/contransflatbedgroup.com\\\/fr\\\/?s={search_term_string}\"},\"query-input\":{\"@type\":\"PropertyValueSpecification\",\"valueRequired\":true,\"valueName\":\"search_term_string\"}}],\"inLanguage\":\"fr-FR\"},{\"@type\":\"Organization\",\"@id\":\"https:\\\/\\\/contransflatbedgroup.com\\\/fr\\\/#organization\",\"name\":\"Contrans Flatbed\",\"url\":\"https:\\\/\\\/contransflatbedgroup.com\\\/fr\\\/\",\"logo\":{\"@type\":\"ImageObject\",\"inLanguage\":\"fr-FR\",\"@id\":\"https:\\\/\\\/contransflatbedgroup.com\\\/fr\\\/#\\\/schema\\\/logo\\\/image\\\/\",\"url\":\"https:\\\/\\\/contransflatbedgroup.com\\\/wp-content\\\/uploads\\\/2022\\\/10\\\/cropped-contrans_logo.png\",\"contentUrl\":\"https:\\\/\\\/contransflatbedgroup.com\\\/wp-content\\\/uploads\\\/2022\\\/10\\\/cropped-contrans_logo.png\",\"width\":1000,\"height\":196,\"caption\":\"Contrans Flatbed\"},\"image\":{\"@id\":\"https:\\\/\\\/contransflatbedgroup.com\\\/fr\\\/#\\\/schema\\\/logo\\\/image\\\/\"}}]}<\/script>\n<!-- \/ Yoast SEO plugin. -->","yoast_head_json":{"title":"Transportez avec nous - Contrans Flatbed","robots":{"index":"index","follow":"follow","max-snippet":"max-snippet:-1","max-image-preview":"max-image-preview:large","max-video-preview":"max-video-preview:-1"},"canonical":"https:\/\/contransflatbedgroup.com\/fr\/transportez-avec-nous\/","og_locale":"fr_FR","og_type":"article","og_title":"Transportez avec nous - Contrans Flatbed","og_description":"FOURNIR UN SERVICE COH\u00c9RENT ET DE QUALIT\u00c9 SUR LEQUEL VOUS POUVEZ COMPTERTRANSPORTEURS PARTENAIRES Venez travailler avec l'\u00e9quipe Contrans Flatbed. Opportunit\u00e9s avec votre remorque ou en utilisant une unit\u00e9 Contrans. Contactez nousTRANSPORTEZ AVEC NOUS Veuillez remplir le formulaire ci-dessous.","og_url":"https:\/\/contransflatbedgroup.com\/fr\/transportez-avec-nous\/","og_site_name":"Contrans Flatbed","article_modified_time":"2026-04-10T20:55:44+00:00","twitter_card":"summary_large_image","schema":{"@context":"https:\/\/schema.org","@graph":[{"@type":"WebPage","@id":"https:\/\/contransflatbedgroup.com\/fr\/transportez-avec-nous\/","url":"https:\/\/contransflatbedgroup.com\/fr\/transportez-avec-nous\/","name":"Transportez avec nous - Contrans Flatbed","isPartOf":{"@id":"https:\/\/contransflatbedgroup.com\/fr\/#website"},"datePublished":"2026-04-07T21:49:35+00:00","dateModified":"2026-04-10T20:55:44+00:00","breadcrumb":{"@id":"https:\/\/contransflatbedgroup.com\/fr\/transportez-avec-nous\/#breadcrumb"},"inLanguage":"fr-FR","potentialAction":[{"@type":"ReadAction","target":["https:\/\/contransflatbedgroup.com\/fr\/transportez-avec-nous\/"]}]},{"@type":"BreadcrumbList","@id":"https:\/\/contransflatbedgroup.com\/fr\/transportez-avec-nous\/#breadcrumb","itemListElement":[{"@type":"ListItem","position":1,"name":"Home","item":"https:\/\/contransflatbedgroup.com\/fr\/"},{"@type":"ListItem","position":2,"name":"Transportez avec nous"}]},{"@type":"WebSite","@id":"https:\/\/contransflatbedgroup.com\/fr\/#website","url":"https:\/\/contransflatbedgroup.com\/fr\/","name":"Contrans Flatbed","description":"","publisher":{"@id":"https:\/\/contransflatbedgroup.com\/fr\/#organization"},"potentialAction":[{"@type":"SearchAction","target":{"@type":"EntryPoint","urlTemplate":"https:\/\/contransflatbedgroup.com\/fr\/?s={search_term_string}"},"query-input":{"@type":"PropertyValueSpecification","valueRequired":true,"valueName":"search_term_string"}}],"inLanguage":"fr-FR"},{"@type":"Organization","@id":"https:\/\/contransflatbedgroup.com\/fr\/#organization","name":"Contrans Flatbed","url":"https:\/\/contransflatbedgroup.com\/fr\/","logo":{"@type":"ImageObject","inLanguage":"fr-FR","@id":"https:\/\/contransflatbedgroup.com\/fr\/#\/schema\/logo\/image\/","url":"https:\/\/contransflatbedgroup.com\/wp-content\/uploads\/2022\/10\/cropped-contrans_logo.png","contentUrl":"https:\/\/contransflatbedgroup.com\/wp-content\/uploads\/2022\/10\/cropped-contrans_logo.png","width":1000,"height":196,"caption":"Contrans Flatbed"},"image":{"@id":"https:\/\/contransflatbedgroup.com\/fr\/#\/schema\/logo\/image\/"}}]}},"_links":{"self":[{"href":"https:\/\/contransflatbedgroup.com\/fr\/wp-json\/wp\/v2\/pages\/1651","targetHints":{"allow":["GET"]}}],"collection":[{"href":"https:\/\/contransflatbedgroup.com\/fr\/wp-json\/wp\/v2\/pages"}],"about":[{"href":"https:\/\/contransflatbedgroup.com\/fr\/wp-json\/wp\/v2\/types\/page"}],"author":[{"embeddable":true,"href":"https:\/\/contransflatbedgroup.com\/fr\/wp-json\/wp\/v2\/users\/9"}],"replies":[{"embeddable":true,"href":"https:\/\/contransflatbedgroup.com\/fr\/wp-json\/wp\/v2\/comments?post=1651"}],"version-history":[{"count":0,"href":"https:\/\/contransflatbedgroup.com\/fr\/wp-json\/wp\/v2\/pages\/1651\/revisions"}],"wp:attachment":[{"href":"https:\/\/contransflatbedgroup.com\/fr\/wp-json\/wp\/v2\/media?parent=1651"}],"curies":[{"name":"wp","href":"https:\/\/api.w.org\/{rel}","templated":true}]}}